{"id":8956,"date":"2022-04-21T08:44:01","date_gmt":"2022-04-21T06:44:01","guid":{"rendered":"https:\/\/bvfroid.com\/?page_id=8956"},"modified":"2025-05-13T10:50:25","modified_gmt":"2025-05-13T08:50:25","slug":"charte-ethique-de-lentreprise","status":"publish","type":"page","link":"https:\/\/bvfroid.com\/index.php\/charte-ethique-de-lentreprise\/","title":{"rendered":"CHARTE \u00c9THIQUE DU GROUPE DAIKIN &#038; DE BV SERVICES"},"content":{"rendered":"\n<p>L\u2019\u00e9thique d\u2019entreprise du Groupe BV est l\u2019expression de valeurs fondamentales et constitue un cadre d\u00e9cisionnel. Chaque membre du Groupe BV a la responsabilit\u00e9 et l\u2019obligation personnelles d\u2019adopter une conduite irr\u00e9prochable du point de vue \u00e9thique et l\u00e9gal, tant dans l\u2019esprit que dans la lettre, qu\u2019elle soit ou non impos\u00e9e par la loi.<\/p>\n\n\n\n<p><\/p>\n\n\n\n<p>Les 12&nbsp;\u00e9l\u00e9ments cl\u00e9s de l&rsquo;\u00e9thique d\u2019entreprise du Groupe BV sont les suivants&nbsp;:<\/p>\n\n\n\n<p><\/p>\n\n\n\n<ol class=\"wp-block-list\"><li>Assurer la conformit\u00e9 l\u00e9gale<\/li><li>Fournir des produits et services s\u00fbrs et de haute qualit\u00e9 anticipant les besoins futurs des utilisateurs finaux<\/li><li>Exercer nos activit\u00e9s sur la base des principes de concurrence loyale<\/li><li>R\u00e9aliser un approvisionnement \u00e9quitable en maintenant des relations amicales mais toutefois stimulantes et concurrentielles avec les fournisseurs<\/li><li>Respecter la propri\u00e9t\u00e9 intellectuelle et la confidentialit\u00e9 des informations propri\u00e9taires<\/li><li>Divulguer les informations d&rsquo;entreprise de fa\u00e7on appropri\u00e9e et en temps opportun<\/li><li>\u00catre une soci\u00e9t\u00e9 visant un impact environnemental minimum<\/li><li>Assurer la s\u00e9curit\u00e9 de nos op\u00e9rations<\/li><li>Cultiver un environnement de travail dynamique favorisant la fiert\u00e9 et l\u2019enthousiasme de chaque employ\u00e9<\/li><li>Prot\u00e9ger les actifs de la soci\u00e9t\u00e9<\/li><li>Faire preuve de mod\u00e9ration en mati\u00e8re d&rsquo;\u00e9changes de cadeaux et d\u2019invitations<\/li><li>Maintenir une attitude ferme envers les comportements illicites, antisociaux et contraires \u00e0 l\u2019\u00e9thique.<\/li><\/ol>\n\n\n\n<h2 class=\"wp-block-heading\">Signalement de non-conformit\u00e9 via le whistleblower \/ la hotline<\/h2>\n\n\n\n<p><\/p>\n\n\n\n<p>Merci de l\u2019int\u00e9r\u00eat que vous portez au programme d\u2019\u00e9thique et de conformit\u00e9 du Groupe BV. Vos commentaires sont importants et nous nous effor\u00e7ons de r\u00e9pondre au plus vite \u00e0 toutes les demandes. Nous nous engageons \u00e0 offrir un environnement ouvert et honn\u00eate dans lequel les parties prenantes peuvent poser des questions, exprimer leurs inqui\u00e9tudes ou signaler des violations potentielles concernant nos pratiques commerciales.<\/p>\n\n\n\n<p>Nous vous encourageons vivement \u00e0 renseigner vos informations personnelles dans le formulaire Web ci-apr\u00e8s. Vous pouvez toutefois envoyer un commentaire anonyme en utilisant un pseudonyme et un compte de messagerie Web cr\u00e9\u00e9 sp\u00e9cialement \u00e0 cet effet.<\/p>\n\n\n\n<p class=\"has-text-align-center has-medium-font-size\"><a href=\"https:\/\/www.daikin.be\/fr_be\/ethique-de-lentreprise.html\"><strong>https:\/\/www.daikin.be\/fr_be\/ethique-de-lentreprise.html<\/strong><\/a><\/p>\n\n\n<div class=\"wp-block-image\">\n<figure class=\"aligncenter size-full is-resized\"><img decoding=\"async\" src=\"https:\/\/bvfroid.com\/wp-content\/uploads\/2022\/04\/BVS_a_member_of_daikin_basic.jpg\" alt=\"BV Services\" class=\"wp-image-8976\" width=\"300\"\/><\/figure>\n<\/div>\n\n\n<p>Chief Legal Officer<br>Daikin Europe N.V.<\/p>\n","protected":false},"excerpt":{"rendered":"<p>L\u2019\u00e9thique d\u2019entreprise du Groupe BV est l\u2019expression de valeurs fondamentales et constitue un cadre d\u00e9cisionnel. Chaque membre du Groupe BV a la responsabilit\u00e9 et l\u2019obligation personnelles d\u2019adopter une conduite irr\u00e9prochable du point de vue \u00e9thique et l\u00e9gal, tant dans l\u2019esprit que dans la lettre, qu\u2019elle soit ou non impos\u00e9e par la loi. Les 12&nbsp;\u00e9l\u00e9ments cl\u00e9s<\/p>\n","protected":false},"author":1,"featured_media":0,"parent":0,"menu_order":0,"comment_status":"closed","ping_status":"closed","template":"","meta":{"footnotes":""},"class_list":["post-8956","page","type-page","status-publish","hentry"],"_links":{"self":[{"href":"https:\/\/bvfroid.com\/index.php\/wp-json\/wp\/v2\/pages\/8956","targetHints":{"allow":["GET"]}}],"collection":[{"href":"https:\/\/bvfroid.com\/index.php\/wp-json\/wp\/v2\/pages"}],"about":[{"href":"https:\/\/bvfroid.com\/index.php\/wp-json\/wp\/v2\/types\/page"}],"author":[{"embeddable":true,"href":"https:\/\/bvfroid.com\/index.php\/wp-json\/wp\/v2\/users\/1"}],"replies":[{"embeddable":true,"href":"https:\/\/bvfroid.com\/index.php\/wp-json\/wp\/v2\/comments?post=8956"}],"version-history":[{"count":14,"href":"https:\/\/bvfroid.com\/index.php\/wp-json\/wp\/v2\/pages\/8956\/revisions"}],"predecessor-version":[{"id":14744,"href":"https:\/\/bvfroid.com\/index.php\/wp-json\/wp\/v2\/pages\/8956\/revisions\/14744"}],"wp:attachment":[{"href":"https:\/\/bvfroid.com\/index.php\/wp-json\/wp\/v2\/media?parent=8956"}],"curies":[{"name":"wp","href":"https:\/\/api.w.org\/{rel}","templated":true}]}}