{"id":3662,"date":"2020-09-01T14:39:48","date_gmt":"2020-09-01T12:39:48","guid":{"rendered":"https:\/\/bvfroid.com\/?page_id=3662"},"modified":"2021-01-11T10:06:15","modified_gmt":"2021-01-11T09:06:15","slug":"hololens","status":"publish","type":"page","link":"https:\/\/bvfroid.com\/index.php\/hololens\/","title":{"rendered":"HOLOLENS"},"content":{"rendered":"\n<figure class=\"wp-block-video aligncenter\"><video height=\"480\" style=\"aspect-ratio: 720 \/ 480;\" width=\"720\" controls src=\"https:\/\/bvfroid.com\/wp-content\/uploads\/2021\/01\/video-hololens-SAV_4.mp4\"><\/video><\/figure>\n\n\n\n<p class=\"has-text-align-center\">Le Groupe BV se plonge dans la r\u00e9alit\u00e9 augment\u00e9e avec les Hololens 2 ! Rejoignez-nous dans une exp\u00e9rience immersive pour donner vie \u00e0 vos projets. <\/p>\n\n\n\n<p class=\"has-text-align-center\">A l&rsquo;aide de nos concepteurs 3D, les Hololens 2 nous permettent de sans cesse am\u00e9liorer la qualit\u00e9 de nos prestations. <\/p>\n\n\n\n<p class=\"has-text-align-center\">Ensemble, construisons vos futurs projets industriels avec les Hololens 2 !<\/p>\n","protected":false},"excerpt":{"rendered":"<p>Le Groupe BV se plonge dans la r\u00e9alit\u00e9 augment\u00e9e avec les Hololens 2 ! Rejoignez-nous dans une exp\u00e9rience immersive pour donner vie \u00e0 vos projets. A l&rsquo;aide de nos concepteurs 3D, les Hololens 2 nous permettent de sans cesse am\u00e9liorer la qualit\u00e9 de nos prestations. Ensemble, construisons vos futurs projets industriels avec les Hololens 2<\/p>\n","protected":false},"author":1,"featured_media":0,"parent":0,"menu_order":0,"comment_status":"closed","ping_status":"closed","template":"","meta":{"footnotes":""},"class_list":["post-3662","page","type-page","status-publish","hentry"],"_links":{"self":[{"href":"https:\/\/bvfroid.com\/index.php\/wp-json\/wp\/v2\/pages\/3662","targetHints":{"allow":["GET"]}}],"collection":[{"href":"https:\/\/bvfroid.com\/index.php\/wp-json\/wp\/v2\/pages"}],"about":[{"href":"https:\/\/bvfroid.com\/index.php\/wp-json\/wp\/v2\/types\/page"}],"author":[{"embeddable":true,"href":"https:\/\/bvfroid.com\/index.php\/wp-json\/wp\/v2\/users\/1"}],"replies":[{"embeddable":true,"href":"https:\/\/bvfroid.com\/index.php\/wp-json\/wp\/v2\/comments?post=3662"}],"version-history":[{"count":8,"href":"https:\/\/bvfroid.com\/index.php\/wp-json\/wp\/v2\/pages\/3662\/revisions"}],"predecessor-version":[{"id":5689,"href":"https:\/\/bvfroid.com\/index.php\/wp-json\/wp\/v2\/pages\/3662\/revisions\/5689"}],"wp:attachment":[{"href":"https:\/\/bvfroid.com\/index.php\/wp-json\/wp\/v2\/media?parent=3662"}],"curies":[{"name":"wp","href":"https:\/\/api.w.org\/{rel}","templated":true}]}}