{"id":2725,"date":"2020-07-21T09:11:56","date_gmt":"2020-07-21T07:11:56","guid":{"rendered":"https:\/\/bvfroid.com\/?page_id=2725"},"modified":"2022-12-22T11:57:56","modified_gmt":"2022-12-22T10:57:56","slug":"nos-certifications-et-engagements","status":"publish","type":"page","link":"https:\/\/bvfroid.com\/index.php\/nos-certifications-et-engagements\/","title":{"rendered":"NOS CERTIFICATIONS ET ENGAGEMENTS"},"content":{"rendered":"\n<p class=\"has-text-align-center has-large-font-size\"> BV Froid et BV Services sont certifi\u00e9es MASE et Bureau Veritas. <\/p>\n\n\n\n<hr class=\"wp-block-separator has-css-opacity is-style-wide\"\/>\n\n\n<div class=\"wp-block-image\">\n<figure class=\"alignleft size-large is-resized\"><img loading=\"lazy\" decoding=\"async\" src=\"https:\/\/bvfroid.com\/wp-content\/uploads\/2020\/07\/MASE.jpg\" alt=\"\" class=\"wp-image-2740\" width=\"170\" height=\"155\"\/><\/figure>\n<\/div>\n\n\n<p>Notre syst\u00e8me de management est fond\u00e9 sur l&rsquo;am\u00e9lioration\ncontinue et se focalise sur les aspects sant\u00e9, s\u00e9curit\u00e9 et environnement.<\/p>\n\n\n\n<p>Assurer la sant\u00e9 et la s\u00e9curit\u00e9 de nos collaborateurs tout en pr\u00e9servant notre environnement constitue le c\u0153ur de notre politique.<\/p>\n\n\n\n<p>Gr\u00e2ce \u00e0 cette organisation riche et communicante, nous\nveillons \u00e0 intervenir dans des conditions ma\u00eetris\u00e9es.<\/p>\n\n\n\n<p>Afin de garantir les pratiques sant\u00e9s et s\u00e9curit\u00e9 sur le terrain, des visites de courtoisie sont r\u00e9guli\u00e8rement effectu\u00e9es par notre service HSE.<\/p>\n\n\n\n<p>L&rsquo;ensemble des collaborateurs BV Froid, BV Services et Groupe BV ont la volont\u00e9 de satisfaire chaque client en lui fournissant des produits et des prestations conformes aux sp\u00e9cifications et en devan\u00e7ant ses attentes.<\/p>\n\n\n\n<hr class=\"wp-block-separator has-css-opacity is-style-dots\"\/>\n\n\n\n<p class=\"has-large-font-size\">Pour cela, chacun adh\u00e8re aux principes de la Qualit\u00e9 Totale et s&rsquo;engage :<\/p>\n\n\n\n<ul class=\"wp-block-list\"><li>A bien faire son travail d\u00e8s la premi\u00e8re fois,<\/li><li>A adopter, au quotidien, une aptitude de progr\u00e8s permanent,<\/li><li>A maintenir une \u00e9coute et un dialogue constructif.<\/li><\/ul>\n\n\n\n<p>Chaque soci\u00e9t\u00e9 du Groupe BV s&rsquo;engage r\u00e9solument dans cette d\u00e9marche. Les dirigeants s&rsquo;engagent \u00e0 promouvoir l&rsquo;attitude \u00ab\u00a0Qualit\u00e9 Totale\u00a0\u00bb.<\/p>\n\n\n<div class=\"wp-block-image\">\n<figure class=\"aligncenter\"><img loading=\"lazy\" decoding=\"async\" width=\"361\" height=\"237\" src=\"https:\/\/bvfroid.com\/wp-content\/uploads\/2020\/07\/defrtr.jpg\" alt=\"\" class=\"wp-image-2751\"\/><\/figure>\n<\/div>\n\n\n<p class=\"has-medium-font-size\">De plus, chaque technicien poss\u00e8de une attestation d&rsquo;aptitude de manipulation des fluides frigorig\u00e8nes ainsi que les formations et habilitations n\u00e9cessaires \u00e0 ses activit\u00e9s comme :<\/p>\n\n\n\n<ul class=\"wp-block-list\"><li>L&rsquo;inspection des syst\u00e8mes de climatisation<\/li><li>Gestion du risque chimique N1 et N2 (encadrant).<\/li><li>Gestion de risques \u00e9lectriques<\/li><li>La soudure et brasure sur tout type de m\u00e9taux<\/li><li>Le contr\u00f4le des disconnecteurs <\/li><li>Le travail en hauteur, avec le port d&rsquo;EPI associ\u00e9s<\/li><li>V\u00e9rification d\u2019\u00e9chafaudage roulant<\/li><li>Les CACES nacelle, chariot gerbeur et t\u00e9lescopique<\/li><li>La manipulation d&rsquo;extincteur adapt\u00e9 <\/li><li>Sauveteur secouriste de travail<\/li><li>Etablissement de mode op\u00e9ratoire, permis de travail.<\/li><\/ul>\n\n\n\n<hr class=\"wp-block-separator has-css-opacity is-style-dots\"\/>\n\n\n\n<p class=\"has-large-font-size\">Nous garantissons :<\/p>\n\n\n\n<p>\u2022 Le confort thermique,&nbsp;<\/p>\n\n\n\n<p>\u2022 La qualit\u00e9 de l\u2019air en toute saison,<\/p>\n\n\n\n<p>\u2022 L\u2019assurance d\u2019une efficacit\u00e9 \u00e9nerg\u00e9tique et d\u2019un bilan carbone favorable,<\/p>\n\n\n\n<p>\u2022 L\u2019esth\u00e9tique des locaux,<\/p>\n\n\n\n<p>\u2022 L\u2019expertise&nbsp;technique sur des processus particuliers,<\/p>\n\n\n\n<p>\u2022 Un accompagnement afin d&rsquo;avoir le meilleur rendement pour vos certificats \u00e9co-\u00e9nerg\u00e9tiques.<\/p>\n\n\n\n<p>L\u2019am\u00e9lioration des installations existantes fait \u00e9galement partie de nos axes de priorit\u00e9.<\/p>\n\n\n\n<p>Nous ferons le choix de la qualit\u00e9, de l\u2019efficacit\u00e9 et de la performance afin d\u2019optimiser votre investissement.&nbsp;<\/p>\n\n\n\n<p>Nous mettons \u00e9galement \u00e0 votre disposition une \u00e9quipe de techniciens itin\u00e9rants, disposant de camions ateliers, en vue de parfaire la qualit\u00e9 des interventions.&nbsp;<\/p>\n","protected":false},"excerpt":{"rendered":"<p>BV Froid et BV Services sont certifi\u00e9es MASE et Bureau Veritas. Notre syst\u00e8me de management est fond\u00e9 sur l&rsquo;am\u00e9lioration continue et se focalise sur les aspects sant\u00e9, s\u00e9curit\u00e9 et environnement. Assurer la sant\u00e9 et la s\u00e9curit\u00e9 de nos collaborateurs tout en pr\u00e9servant notre environnement constitue le c\u0153ur de notre politique. Gr\u00e2ce \u00e0 cette organisation riche<\/p>\n","protected":false},"author":1,"featured_media":0,"parent":0,"menu_order":0,"comment_status":"closed","ping_status":"closed","template":"","meta":{"footnotes":""},"class_list":["post-2725","page","type-page","status-publish","hentry"],"_links":{"self":[{"href":"https:\/\/bvfroid.com\/index.php\/wp-json\/wp\/v2\/pages\/2725","targetHints":{"allow":["GET"]}}],"collection":[{"href":"https:\/\/bvfroid.com\/index.php\/wp-json\/wp\/v2\/pages"}],"about":[{"href":"https:\/\/bvfroid.com\/index.php\/wp-json\/wp\/v2\/types\/page"}],"author":[{"embeddable":true,"href":"https:\/\/bvfroid.com\/index.php\/wp-json\/wp\/v2\/users\/1"}],"replies":[{"embeddable":true,"href":"https:\/\/bvfroid.com\/index.php\/wp-json\/wp\/v2\/comments?post=2725"}],"version-history":[{"count":21,"href":"https:\/\/bvfroid.com\/index.php\/wp-json\/wp\/v2\/pages\/2725\/revisions"}],"predecessor-version":[{"id":13128,"href":"https:\/\/bvfroid.com\/index.php\/wp-json\/wp\/v2\/pages\/2725\/revisions\/13128"}],"wp:attachment":[{"href":"https:\/\/bvfroid.com\/index.php\/wp-json\/wp\/v2\/media?parent=2725"}],"curies":[{"name":"wp","href":"https:\/\/api.w.org\/{rel}","templated":true}]}}